{"id":19,"date":"2025-10-13T03:11:06","date_gmt":"2025-10-13T03:11:06","guid":{"rendered":"https:\/\/soni.growdevs.com\/?page_id=19"},"modified":"2025-10-16T13:47:51","modified_gmt":"2025-10-16T13:47:51","slug":"home","status":"publish","type":"page","link":"https:\/\/soni.growdevs.com\/index.php\/home\/","title":{"rendered":"Home"},"content":{"rendered":"\t\t<div data-elementor-type=\"wp-page\" data-elementor-id=\"19\" class=\"elementor elementor-19\" data-elementor-post-type=\"page\">\n\t\t\t\t<div class=\"elementor-element elementor-element-202a63d e-flex e-con-boxed e-con e-parent\" data-id=\"202a63d\" data-element_type=\"container\">\n\t\t\t\t\t<div class=\"e-con-inner\">\n\t\t<div class=\"elementor-element elementor-element-5ae7ea5 e-con-full e-flex e-con e-child\" data-id=\"5ae7ea5\" data-element_type=\"container\">\n\t\t\t\t<div class=\"elementor-element elementor-element-08b27f4 elementor-widget elementor-widget-heading\" data-id=\"08b27f4\" data-element_type=\"widget\" data-widget_type=\"heading.default\">\n\t\t\t\t\t<h2 class=\"elementor-heading-title elementor-size-default\">Agjensi Marketingu n\u00eb Tiran\u00eb, Shqip\u00ebri<\/h2>\t\t\t\t<\/div>\n\t\t\t\t<div class=\"elementor-element elementor-element-6e35315 elementor-widget elementor-widget-text-editor\" data-id=\"6e35315\" data-element_type=\"widget\" data-widget_type=\"text-editor.default\">\n\t\t\t\t\t\t\t\t\t<p>P\u00ebrmir\u00ebsoni biznesin tuaj n\u00eb internet me zgjidhje inovative t\u00eb marketingut dixhital. Zbuloni rezultate t\u00eb reja dhe p\u00ebrshpejtoni rritjen tuaj ose te biznesit tuaj me mb\u00ebshtetje nga ekspert\u00eb te marketingut n\u00eb agjensin\u00eb ton\u00eb t\u00eb Marketingut Dixhital n\u00eb Tirane, Shqiperi.<\/p>\t\t\t\t\t\t\t\t<\/div>\n\t\t\t\t<div class=\"elementor-element elementor-element-aa9ee4a elementor-icon-list--layout-traditional elementor-list-item-link-full_width elementor-widget elementor-widget-icon-list\" data-id=\"aa9ee4a\" data-element_type=\"widget\" data-widget_type=\"icon-list.default\">\n\t\t\t\t\t\t\t<ul class=\"elementor-icon-list-items\">\n\t\t\t\t\t\t\t<li class=\"elementor-icon-list-item\">\n\t\t\t\t\t\t\t\t\t\t\t<span class=\"elementor-icon-list-icon\">\n\t\t\t\t\t\t\t<svg aria-hidden=\"true\" class=\"e-font-icon-svg e-fas-check-circle\" viewBox=\"0 0 512 512\" xmlns=\"http:\/\/www.w3.org\/2000\/svg\"><path d=\"M504 256c0 136.967-111.033 248-248 248S8 392.967 8 256 119.033 8 256 8s248 111.033 248 248zM227.314 387.314l184-184c6.248-6.248 6.248-16.379 0-22.627l-22.627-22.627c-6.248-6.249-16.379-6.249-22.628 0L216 308.118l-70.059-70.059c-6.248-6.248-16.379-6.248-22.628 0l-22.627 22.627c-6.248 6.248-6.248 16.379 0 22.627l104 104c6.249 6.249 16.379 6.249 22.628.001z\"><\/path><\/svg>\t\t\t\t\t\t<\/span>\n\t\t\t\t\t\t\t\t\t\t<span class=\"elementor-icon-list-text\">P\u00ebrmir\u00ebsoni Biznesin Tuaj Online.<\/span>\n\t\t\t\t\t\t\t\t\t<\/li>\n\t\t\t\t\t\t\t\t<li class=\"elementor-icon-list-item\">\n\t\t\t\t\t\t\t\t\t\t\t<span class=\"elementor-icon-list-icon\">\n\t\t\t\t\t\t\t<svg aria-hidden=\"true\" class=\"e-font-icon-svg e-fas-check-circle\" viewBox=\"0 0 512 512\" xmlns=\"http:\/\/www.w3.org\/2000\/svg\"><path d=\"M504 256c0 136.967-111.033 248-248 248S8 392.967 8 256 119.033 8 256 8s248 111.033 248 248zM227.314 387.314l184-184c6.248-6.248 6.248-16.379 0-22.627l-22.627-22.627c-6.248-6.249-16.379-6.249-22.628 0L216 308.118l-70.059-70.059c-6.248-6.248-16.379-6.248-22.628 0l-22.627 22.627c-6.248 6.248-6.248 16.379 0 22.627l104 104c6.249 6.249 16.379 6.249 22.628.001z\"><\/path><\/svg>\t\t\t\t\t\t<\/span>\n\t\t\t\t\t\t\t\t\t\t<span class=\"elementor-icon-list-text\">Agjensi Marketingu 100% Shqiptare.<\/span>\n\t\t\t\t\t\t\t\t\t<\/li>\n\t\t\t\t\t\t\t\t<li class=\"elementor-icon-list-item\">\n\t\t\t\t\t\t\t\t\t\t\t<span class=\"elementor-icon-list-icon\">\n\t\t\t\t\t\t\t<svg aria-hidden=\"true\" class=\"e-font-icon-svg e-fas-check-circle\" viewBox=\"0 0 512 512\" xmlns=\"http:\/\/www.w3.org\/2000\/svg\"><path d=\"M504 256c0 136.967-111.033 248-248 248S8 392.967 8 256 119.033 8 256 8s248 111.033 248 248zM227.314 387.314l184-184c6.248-6.248 6.248-16.379 0-22.627l-22.627-22.627c-6.248-6.249-16.379-6.249-22.628 0L216 308.118l-70.059-70.059c-6.248-6.248-16.379-6.248-22.628 0l-22.627 22.627c-6.248 6.248-6.248 16.379 0 22.627l104 104c6.249 6.249 16.379 6.249 22.628.001z\"><\/path><\/svg>\t\t\t\t\t\t<\/span>\n\t\t\t\t\t\t\t\t\t\t<span class=\"elementor-icon-list-text\">Rezultate t\u00eb Matshme, Afatgjata.<\/span>\n\t\t\t\t\t\t\t\t\t<\/li>\n\t\t\t\t\t\t<\/ul>\n\t\t\t\t\t\t<\/div>\n\t\t\t\t<div class=\"elementor-element elementor-element-c355c11 elementor-button-align-stretch elementor-widget elementor-widget-form\" data-id=\"c355c11\" data-element_type=\"widget\" data-settings=\"{&quot;button_width&quot;:&quot;50&quot;,&quot;step_next_label&quot;:&quot;Next&quot;,&quot;step_previous_label&quot;:&quot;Previous&quot;,&quot;step_type&quot;:&quot;number_text&quot;,&quot;step_icon_shape&quot;:&quot;circle&quot;}\" data-widget_type=\"form.default\">\n\t\t\t\t\t\t\t<form class=\"elementor-form\" method=\"post\" name=\"New Form\" aria-label=\"New Form\">\n\t\t\t<input type=\"hidden\" name=\"post_id\" value=\"19\"\/>\n\t\t\t<input type=\"hidden\" name=\"form_id\" value=\"c355c11\"\/>\n\t\t\t<input type=\"hidden\" name=\"referer_title\" value=\"Home\" \/>\n\n\t\t\t\t\t\t\t<input type=\"hidden\" name=\"queried_id\" value=\"19\"\/>\n\t\t\t\n\t\t\t<div class=\"elementor-form-fields-wrapper elementor-labels-above\">\n\t\t\t\t\t\t\t\t<div class=\"elementor-field-type-text elementor-field-group elementor-column elementor-field-group-name elementor-col-50\">\n\t\t\t\t\t\t\t\t\t\t\t\t\t<input size=\"1\" type=\"text\" name=\"form_fields[name]\" id=\"form-field-name\" class=\"elementor-field elementor-size-sm  elementor-field-textual\" placeholder=\"Name\">\n\t\t\t\t\t\t\t\t\t\t\t<\/div>\n\t\t\t\t\t\t\t\t<div class=\"elementor-field-group elementor-column elementor-field-type-submit elementor-col-50 e-form__buttons\">\n\t\t\t\t\t<button class=\"elementor-button elementor-size-sm\" type=\"submit\">\n\t\t\t\t\t\t<span class=\"elementor-button-content-wrapper\">\n\t\t\t\t\t\t\t\t\t\t\t\t\t\t\t\t\t\t\t\t\t\t<span class=\"elementor-button-text\">Send<\/span>\n\t\t\t\t\t\t\t\t\t\t\t\t\t<\/span>\n\t\t\t\t\t<\/button>\n\t\t\t\t<\/div>\n\t\t\t<\/div>\n\t\t<\/form>\n\t\t\t\t\t\t<\/div>\n\t\t<div class=\"elementor-element elementor-element-4eaca10 e-con-full e-flex e-con e-child\" data-id=\"4eaca10\" data-element_type=\"container\">\n\t\t<div class=\"elementor-element elementor-element-90386de e-con-full e-flex e-con e-child\" data-id=\"90386de\" data-element_type=\"container\">\n\t\t\t\t<div class=\"elementor-element elementor-element-a44c799 elementor-widget elementor-widget-image\" data-id=\"a44c799\" data-element_type=\"widget\" data-widget_type=\"image.default\">\n\t\t\t\t\t\t\t\t\t\t\t\t\t\t\t<img decoding=\"async\" width=\"135\" height=\"42\" src=\"https:\/\/soni.growdevs.com\/wp-content\/uploads\/2025\/10\/Screenshot_1.png\" class=\"attachment-large size-large wp-image-85\" alt=\"\" \/>\t\t\t\t\t\t\t\t\t\t\t\t\t\t\t<\/div>\n\t\t\t\t<\/div>\n\t\t<div class=\"elementor-element elementor-element-145cbd0 e-con-full e-flex e-con e-child\" data-id=\"145cbd0\" data-element_type=\"container\">\n\t\t\t\t<div class=\"elementor-element elementor-element-542c6cc elementor-widget elementor-widget-text-editor\" data-id=\"542c6cc\" data-element_type=\"widget\" data-widget_type=\"text-editor.default\">\n\t\t\t\t\t\t\t\t\t<div class=\"gb-grid-column gb-grid-column-e14e9606\"><div class=\"gb-container gb-container-e14e9606\"><div class=\"gb-container gb-container-da8afb34 icon-h-auto\"><div class=\"gb-headline gb-headline-1c15e31d gb-headline-text\"><strong>4.9\/5<\/strong>\u00a0nga 100+ vler\u00ebsime n\u00eb<\/div><\/div><\/div><\/div>\t\t\t\t\t\t\t\t<\/div>\n\t\t\t\t<\/div>\n\t\t<div class=\"elementor-element elementor-element-4e514b7 e-con-full e-flex e-con e-child\" data-id=\"4e514b7\" data-element_type=\"container\">\n\t\t\t\t<div class=\"elementor-element elementor-element-937f68c elementor-widget elementor-widget-image\" data-id=\"937f68c\" data-element_type=\"widget\" data-widget_type=\"image.default\">\n\t\t\t\t\t\t\t\t\t\t\t\t\t\t\t<img decoding=\"async\" width=\"110\" height=\"27\" src=\"https:\/\/soni.growdevs.com\/wp-content\/uploads\/2025\/10\/Screenshot_2.png\" class=\"attachment-large size-large wp-image-86\" alt=\"\" \/>\t\t\t\t\t\t\t\t\t\t\t\t\t\t\t<\/div>\n\t\t\t\t<\/div>\n\t\t\t\t<\/div>\n\t\t\t\t<\/div>\n\t\t<div class=\"elementor-element elementor-element-2d76cdf e-con-full e-flex e-con e-child\" data-id=\"2d76cdf\" data-element_type=\"container\">\n\t\t\t\t<div class=\"elementor-element elementor-element-d5e9482 elementor-widget elementor-widget-image\" data-id=\"d5e9482\" data-element_type=\"widget\" data-widget_type=\"image.default\">\n\t\t\t\t\t\t\t\t\t\t\t\t\t\t\t<img fetchpriority=\"high\" decoding=\"async\" width=\"600\" height=\"650\" src=\"https:\/\/soni.growdevs.com\/wp-content\/uploads\/2025\/10\/New-Project-1-2.avif\" class=\"attachment-large size-large wp-image-97\" alt=\"\" srcset=\"https:\/\/soni.growdevs.com\/wp-content\/uploads\/2025\/10\/New-Project-1-2.avif 600w, https:\/\/soni.growdevs.com\/wp-content\/uploads\/2025\/10\/New-Project-1-2-277x300.avif 277w\" sizes=\"(max-width: 600px) 100vw, 600px\" \/>\t\t\t\t\t\t\t\t\t\t\t\t\t\t\t<\/div>\n\t\t\t\t<\/div>\n\t\t\t\t\t<\/div>\n\t\t\t\t<\/div>\n\t\t<div class=\"elementor-element elementor-element-212165c e-con-full e-flex e-con e-parent\" data-id=\"212165c\" data-element_type=\"container\" data-settings=\"{&quot;background_background&quot;:&quot;classic&quot;}\">\n\t\t<div class=\"elementor-element elementor-element-3f0294a e-con-full e-flex e-con e-child\" data-id=\"3f0294a\" data-element_type=\"container\">\n\t\t\t\t<div class=\"elementor-element elementor-element-28929a1 elementor-widget elementor-widget-heading\" data-id=\"28929a1\" data-element_type=\"widget\" data-widget_type=\"heading.default\">\n\t\t\t\t\t<h2 class=\"elementor-heading-title elementor-size-default\">fresh, flavorful pizza<\/h2>\t\t\t\t<\/div>\n\t\t\t\t<div class=\"elementor-element elementor-element-89fafb5 elementor-widget elementor-widget-heading\" data-id=\"89fafb5\" data-element_type=\"widget\" data-widget_type=\"heading.default\">\n\t\t\t\t\t<h3 class=\"elementor-heading-title elementor-size-default\">baked to perfection<\/h3>\t\t\t\t<\/div>\n\t\t\t\t<div class=\"elementor-element elementor-element-1590f91 elementor-align-center elementor-widget elementor-widget-button\" data-id=\"1590f91\" data-element_type=\"widget\" data-widget_type=\"button.default\">\n\t\t\t\t\t\t\t\t\t\t<a class=\"elementor-button elementor-button-link elementor-size-sm elementor-animation-shrink\" href=\"https:\/\/soni.growdevs.com\/index.php\/our-menu\/\">\n\t\t\t\t\t\t<span class=\"elementor-button-content-wrapper\">\n\t\t\t\t\t\t\t\t\t<span class=\"elementor-button-text\">Our Menu<\/span>\n\t\t\t\t\t<\/span>\n\t\t\t\t\t<\/a>\n\t\t\t\t\t\t\t\t<\/div>\n\t\t\t\t<\/div>\n\t\t<div class=\"elementor-element elementor-element-f81f0bc e-con-full e-flex e-con e-child\" data-id=\"f81f0bc\" data-element_type=\"container\">\n\t\t\t\t<div class=\"elementor-element elementor-element-54e4ead elementor-widget__width-initial elementor-widget elementor-widget-image\" data-id=\"54e4ead\" data-element_type=\"widget\" data-widget_type=\"image.default\">\n\t\t\t\t\t\t\t\t\t\t\t\t\t\t\t<img loading=\"lazy\" decoding=\"async\" width=\"696\" height=\"528\" src=\"https:\/\/soni.growdevs.com\/wp-content\/uploads\/2025\/10\/hero.png\" class=\"attachment-large size-large wp-image-62\" alt=\"Basil_Pizza_top_view\" srcset=\"https:\/\/soni.growdevs.com\/wp-content\/uploads\/2025\/10\/hero.png 696w, https:\/\/soni.growdevs.com\/wp-content\/uploads\/2025\/10\/hero-300x228.png 300w\" sizes=\"(max-width: 696px) 100vw, 696px\" \/>\t\t\t\t\t\t\t\t\t\t\t\t\t\t\t<\/div>\n\t\t\t\t<\/div>\n\t\t<div class=\"elementor-element elementor-element-034ba63 e-con-full e-flex e-con e-child\" data-id=\"034ba63\" data-element_type=\"container\">\n\t\t\t\t<div class=\"elementor-element elementor-element-3bd2a82 elementor-shape-circle elementor-grid-0 e-grid-align-center elementor-widget elementor-widget-social-icons\" data-id=\"3bd2a82\" data-element_type=\"widget\" data-widget_type=\"social-icons.default\">\n\t\t\t\t\t\t\t<div class=\"elementor-social-icons-wrapper elementor-grid\" role=\"list\">\n\t\t\t\t\t\t\t<span class=\"elementor-grid-item\" role=\"listitem\">\n\t\t\t\t\t<a class=\"elementor-icon elementor-social-icon elementor-social-icon-facebook elementor-animation-shrink elementor-repeater-item-61cd1fd\" href=\"http:\/\/facebook.com\/profile\" target=\"_blank\">\n\t\t\t\t\t\t<span class=\"elementor-screen-only\">Facebook<\/span>\n\t\t\t\t\t\t<svg aria-hidden=\"true\" class=\"e-font-icon-svg e-fab-facebook\" viewBox=\"0 0 512 512\" xmlns=\"http:\/\/www.w3.org\/2000\/svg\"><path d=\"M504 256C504 119 393 8 256 8S8 119 8 256c0 123.78 90.69 226.38 209.25 245V327.69h-63V256h63v-54.64c0-62.15 37-96.48 93.67-96.48 27.14 0 55.52 4.84 55.52 4.84v61h-31.28c-30.8 0-40.41 19.12-40.41 38.73V256h68.78l-11 71.69h-57.78V501C413.31 482.38 504 379.78 504 256z\"><\/path><\/svg>\t\t\t\t\t<\/a>\n\t\t\t\t<\/span>\n\t\t\t\t\t\t\t<span class=\"elementor-grid-item\" role=\"listitem\">\n\t\t\t\t\t<a class=\"elementor-icon elementor-social-icon elementor-social-icon-twitter elementor-animation-shrink elementor-repeater-item-8c510fa\" href=\"http:\/\/twitter.com\/profile\" target=\"_blank\">\n\t\t\t\t\t\t<span class=\"elementor-screen-only\">Twitter<\/span>\n\t\t\t\t\t\t<svg aria-hidden=\"true\" class=\"e-font-icon-svg e-fab-twitter\" viewBox=\"0 0 512 512\" xmlns=\"http:\/\/www.w3.org\/2000\/svg\"><path d=\"M459.37 151.716c.325 4.548.325 9.097.325 13.645 0 138.72-105.583 298.558-298.558 298.558-59.452 0-114.68-17.219-161.137-47.106 8.447.974 16.568 1.299 25.34 1.299 49.055 0 94.213-16.568 130.274-44.832-46.132-.975-84.792-31.188-98.112-72.772 6.498.974 12.995 1.624 19.818 1.624 9.421 0 18.843-1.3 27.614-3.573-48.081-9.747-84.143-51.98-84.143-102.985v-1.299c13.969 7.797 30.214 12.67 47.431 13.319-28.264-18.843-46.781-51.005-46.781-87.391 0-19.492 5.197-37.36 14.294-52.954 51.655 63.675 129.3 105.258 216.365 109.807-1.624-7.797-2.599-15.918-2.599-24.04 0-57.828 46.782-104.934 104.934-104.934 30.213 0 57.502 12.67 76.67 33.137 23.715-4.548 46.456-13.32 66.599-25.34-7.798 24.366-24.366 44.833-46.132 57.827 21.117-2.273 41.584-8.122 60.426-16.243-14.292 20.791-32.161 39.308-52.628 54.253z\"><\/path><\/svg>\t\t\t\t\t<\/a>\n\t\t\t\t<\/span>\n\t\t\t\t\t\t\t<span class=\"elementor-grid-item\" role=\"listitem\">\n\t\t\t\t\t<a class=\"elementor-icon elementor-social-icon elementor-social-icon-instagram elementor-animation-shrink elementor-repeater-item-8752eed\" href=\"http:\/\/instagram.com\/profile\" target=\"_blank\">\n\t\t\t\t\t\t<span class=\"elementor-screen-only\">Instagram<\/span>\n\t\t\t\t\t\t<svg aria-hidden=\"true\" class=\"e-font-icon-svg e-fab-instagram\" viewBox=\"0 0 448 512\" xmlns=\"http:\/\/www.w3.org\/2000\/svg\"><path d=\"M224.1 141c-63.6 0-114.9 51.3-114.9 114.9s51.3 114.9 114.9 114.9S339 319.5 339 255.9 287.7 141 224.1 141zm0 189.6c-41.1 0-74.7-33.5-74.7-74.7s33.5-74.7 74.7-74.7 74.7 33.5 74.7 74.7-33.6 74.7-74.7 74.7zm146.4-194.3c0 14.9-12 26.8-26.8 26.8-14.9 0-26.8-12-26.8-26.8s12-26.8 26.8-26.8 26.8 12 26.8 26.8zm76.1 27.2c-1.7-35.9-9.9-67.7-36.2-93.9-26.2-26.2-58-34.4-93.9-36.2-37-2.1-147.9-2.1-184.9 0-35.8 1.7-67.6 9.9-93.9 36.1s-34.4 58-36.2 93.9c-2.1 37-2.1 147.9 0 184.9 1.7 35.9 9.9 67.7 36.2 93.9s58 34.4 93.9 36.2c37 2.1 147.9 2.1 184.9 0 35.9-1.7 67.7-9.9 93.9-36.2 26.2-26.2 34.4-58 36.2-93.9 2.1-37 2.1-147.8 0-184.8zM398.8 388c-7.8 19.6-22.9 34.7-42.6 42.6-29.5 11.7-99.5 9-132.1 9s-102.7 2.6-132.1-9c-19.6-7.8-34.7-22.9-42.6-42.6-11.7-29.5-9-99.5-9-132.1s-2.6-102.7 9-132.1c7.8-19.6 22.9-34.7 42.6-42.6 29.5-11.7 99.5-9 132.1-9s102.7-2.6 132.1 9c19.6 7.8 34.7 22.9 42.6 42.6 11.7 29.5 9 99.5 9 132.1s2.7 102.7-9 132.1z\"><\/path><\/svg>\t\t\t\t\t<\/a>\n\t\t\t\t<\/span>\n\t\t\t\t\t<\/div>\n\t\t\t\t\t\t<\/div>\n\t\t\t\t<\/div>\n\t\t\t\t<\/div>\n\t\t<div class=\"elementor-element elementor-element-b1fd898 e-con-full e-flex e-con e-parent\" data-id=\"b1fd898\" data-element_type=\"container\">\n\t\t<div class=\"elementor-element elementor-element-edd124f e-con-full e-flex e-con e-child\" data-id=\"edd124f\" data-element_type=\"container\" data-settings=\"{&quot;background_background&quot;:&quot;classic&quot;}\">\n\t\t\t\t<div class=\"elementor-element elementor-element-c4087a6 elementor-widget elementor-widget-image\" data-id=\"c4087a6\" data-element_type=\"widget\" data-widget_type=\"image.default\">\n\t\t\t\t\t\t\t\t\t\t\t\t\t\t\t<img loading=\"lazy\" decoding=\"async\" width=\"1147\" height=\"1072\" src=\"https:\/\/soni.growdevs.com\/wp-content\/uploads\/2025\/10\/Pizza-Slice-1.png\" class=\"attachment-full size-full wp-image-75\" alt=\"\" srcset=\"https:\/\/soni.growdevs.com\/wp-content\/uploads\/2025\/10\/Pizza-Slice-1.png 1147w, https:\/\/soni.growdevs.com\/wp-content\/uploads\/2025\/10\/Pizza-Slice-1-300x280.png 300w, https:\/\/soni.growdevs.com\/wp-content\/uploads\/2025\/10\/Pizza-Slice-1-1024x957.png 1024w, https:\/\/soni.growdevs.com\/wp-content\/uploads\/2025\/10\/Pizza-Slice-1-768x718.png 768w\" sizes=\"(max-width: 1147px) 100vw, 1147px\" \/>\t\t\t\t\t\t\t\t\t\t\t\t\t\t\t<\/div>\n\t\t\t\t<\/div>\n\t\t<div class=\"elementor-element elementor-element-b63915d e-con-full e-flex e-con e-child\" data-id=\"b63915d\" data-element_type=\"container\">\n\t\t\t\t<div class=\"elementor-element elementor-element-a2ede96 elementor-widget elementor-widget-heading\" data-id=\"a2ede96\" data-element_type=\"widget\" data-widget_type=\"heading.default\">\n\t\t\t\t\t<h3 class=\"elementor-heading-title elementor-size-default\">Our Pizza in Clarendon<\/h3>\t\t\t\t<\/div>\n\t\t\t\t<div class=\"elementor-element elementor-element-f2e4d43 elementor-widget elementor-widget-text-editor\" data-id=\"f2e4d43\" data-element_type=\"widget\" data-widget_type=\"text-editor.default\">\n\t\t\t\t\t\t\t\t\t<p>At <strong data-start=\"420\" data-end=\"439\">Clarendon Pizza<\/strong>, we believe great pizza starts with simple, honest ingredients and a love for the craft. At <strong data-start=\"420\" data-end=\"439\">Clarendon Pizza<\/strong>, we believe great pizza starts with simple, honest ingredients and a love for the craft. Every pie is hand-stretched, layered with premium cheeses and locally sourced toppings, then baked to golden perfection.<br data-start=\"651\" data-end=\"654\" \/>Located in the heart of Clarendon, we\u2019re proud to serve our neighbors a taste that feels both familiar and fresh \u2014 a place where friends meet, families share, and every slice feels like home.<\/p>\t\t\t\t\t\t\t\t<\/div>\n\t\t\t\t<\/div>\n\t\t\t\t<\/div>\n\t\t<div class=\"elementor-element elementor-element-95822ed e-con-full e-flex e-con e-parent\" data-id=\"95822ed\" data-element_type=\"container\">\n\t\t<div class=\"elementor-element elementor-element-91738fe e-con-full e-flex e-con e-child\" data-id=\"91738fe\" data-element_type=\"container\">\n\t\t\t\t<div class=\"elementor-element elementor-element-b6d74ad elementor-widget elementor-widget-heading\" data-id=\"b6d74ad\" data-element_type=\"widget\" data-widget_type=\"heading.default\">\n\t\t\t\t\t<h4 class=\"elementor-heading-title elementor-size-default\">our pizza<\/h4>\t\t\t\t<\/div>\n\t\t\t\t<div class=\"elementor-element elementor-element-65a6838 elementor-widget elementor-widget-text-editor\" data-id=\"65a6838\" data-element_type=\"widget\" data-widget_type=\"text-editor.default\">\n\t\t\t\t\t\t\t\t\t<p>From our <strong data-start=\"879\" data-end=\"903\">signature Margherita<\/strong> to the bold <strong data-start=\"916\" data-end=\"937\">Clarendon Special<\/strong>, every pizza is crafted to balance tradition and creativity. Whether you\u2019re craving a classic pepperoni or a veggie-packed masterpiece, each slice is made to order \u2014 crispy on the outside, soft on the inside, and bursting with flavor.<\/p>\t\t\t\t\t\t\t\t<\/div>\n\t\t\t\t<\/div>\n\t\t<div class=\"elementor-element elementor-element-1c1eda3 e-con-full e-flex e-con e-child\" data-id=\"1c1eda3\" data-element_type=\"container\">\n\t\t\t\t<div class=\"elementor-element elementor-element-b38dbf4 elementor-widget elementor-widget-image\" data-id=\"b38dbf4\" data-element_type=\"widget\" data-widget_type=\"image.default\">\n\t\t\t\t\t\t\t\t\t\t\t\t\t\t\t<img loading=\"lazy\" decoding=\"async\" width=\"1772\" height=\"1772\" src=\"https:\/\/soni.growdevs.com\/wp-content\/uploads\/2025\/10\/Whole-Pizza.png\" class=\"attachment-full size-full wp-image-69\" alt=\"\" srcset=\"https:\/\/soni.growdevs.com\/wp-content\/uploads\/2025\/10\/Whole-Pizza.png 1772w, https:\/\/soni.growdevs.com\/wp-content\/uploads\/2025\/10\/Whole-Pizza-300x300.png 300w, https:\/\/soni.growdevs.com\/wp-content\/uploads\/2025\/10\/Whole-Pizza-1024x1024.png 1024w, https:\/\/soni.growdevs.com\/wp-content\/uploads\/2025\/10\/Whole-Pizza-150x150.png 150w, https:\/\/soni.growdevs.com\/wp-content\/uploads\/2025\/10\/Whole-Pizza-768x768.png 768w, https:\/\/soni.growdevs.com\/wp-content\/uploads\/2025\/10\/Whole-Pizza-1536x1536.png 1536w\" sizes=\"(max-width: 1772px) 100vw, 1772px\" \/>\t\t\t\t\t\t\t\t\t\t\t\t\t\t\t<\/div>\n\t\t\t\t<\/div>\n\t\t<div class=\"elementor-element elementor-element-d4e1e8b e-con-full e-flex e-con e-child\" data-id=\"d4e1e8b\" data-element_type=\"container\">\n\t\t\t\t<div class=\"elementor-element elementor-element-594cb40 elementor-widget elementor-widget-heading\" data-id=\"594cb40\" data-element_type=\"widget\" data-widget_type=\"heading.default\">\n\t\t\t\t\t<h4 class=\"elementor-heading-title elementor-size-default\">About Us<\/h4>\t\t\t\t<\/div>\n\t\t\t\t<div class=\"elementor-element elementor-element-27861cb elementor-widget elementor-widget-text-editor\" data-id=\"27861cb\" data-element_type=\"widget\" data-widget_type=\"text-editor.default\">\n\t\t\t\t\t\t\t\t\t<p>From our <strong data-start=\"879\" data-end=\"903\">signature Margherita<\/strong> to the bold <strong data-start=\"916\" data-end=\"937\">Clarendon Special<\/strong>, every pizza is crafted to balance tradition and creativity. Whether you\u2019re craving a classic pepperoni or a veggie-packed masterpiece, each slice is made to order \u2014 crispy on the outside, soft on the inside, and bursting with flavor.<\/p>\t\t\t\t\t\t\t\t<\/div>\n\t\t\t\t<div class=\"elementor-element elementor-element-002605e elementor-align-center elementor-widget elementor-widget-button\" data-id=\"002605e\" data-element_type=\"widget\" data-widget_type=\"button.default\">\n\t\t\t\t\t\t\t\t\t\t<a class=\"elementor-button elementor-button-link elementor-size-sm elementor-animation-shrink\" href=\"\">\n\t\t\t\t\t\t<span class=\"elementor-button-content-wrapper\">\n\t\t\t\t\t\t\t\t\t<span class=\"elementor-button-text\">Our story<\/span>\n\t\t\t\t\t<\/span>\n\t\t\t\t\t<\/a>\n\t\t\t\t\t\t\t\t<\/div>\n\t\t\t\t<\/div>\n\t\t\t\t<\/div>\n\t\t\t\t<\/div>\n\t\t","protected":false},"excerpt":{"rendered":"<p>Agjensi Marketingu n\u00eb Tiran\u00eb, Shqip\u00ebri P\u00ebrmir\u00ebsoni biznesin tuaj n\u00eb internet me zgjidhje inovative t\u00eb marketingut dixhital. Zbuloni rezultate t\u00eb reja dhe p\u00ebrshpejtoni rritjen tuaj ose te biznesit tuaj me mb\u00ebshtetje nga ekspert\u00eb te marketingut n\u00eb agjensin\u00eb ton\u00eb t\u00eb Marketingut Dixhital n\u00eb Tirane, Shqiperi. P\u00ebrmir\u00ebsoni Biznesin Tuaj Online. Agjensi Marketingu 100% Shqiptare. Rezultate t\u00eb Matshme, Afatgjata. [&hellip;]<\/p>\n","protected":false},"author":2,"featured_media":0,"parent":0,"menu_order":0,"comment_status":"closed","ping_status":"closed","template":"","meta":{"footnotes":""},"class_list":["post-19","page","type-page","status-publish","hentry"],"_links":{"self":[{"href":"https:\/\/soni.growdevs.com\/index.php\/wp-json\/wp\/v2\/pages\/19","targetHints":{"allow":["GET"]}}],"collection":[{"href":"https:\/\/soni.growdevs.com\/index.php\/wp-json\/wp\/v2\/pages"}],"about":[{"href":"https:\/\/soni.growdevs.com\/index.php\/wp-json\/wp\/v2\/types\/page"}],"author":[{"embeddable":true,"href":"https:\/\/soni.growdevs.com\/index.php\/wp-json\/wp\/v2\/users\/2"}],"replies":[{"embeddable":true,"href":"https:\/\/soni.growdevs.com\/index.php\/wp-json\/wp\/v2\/comments?post=19"}],"version-history":[{"count":35,"href":"https:\/\/soni.growdevs.com\/index.php\/wp-json\/wp\/v2\/pages\/19\/revisions"}],"predecessor-version":[{"id":104,"href":"https:\/\/soni.growdevs.com\/index.php\/wp-json\/wp\/v2\/pages\/19\/revisions\/104"}],"wp:attachment":[{"href":"https:\/\/soni.growdevs.com\/index.php\/wp-json\/wp\/v2\/media?parent=19"}],"curies":[{"name":"wp","href":"https:\/\/api.w.org\/{rel}","templated":true}]}}